{"id":1620,"date":"2021-08-28T09:30:48","date_gmt":"2021-08-28T12:30:48","guid":{"rendered":"https:\/\/artewen.com.ar\/novedades\/?page_id=1620"},"modified":"2021-09-09T12:41:52","modified_gmt":"2021-09-09T15:41:52","slug":"preguntas-frecuentes","status":"publish","type":"page","link":"https:\/\/artewen.com.ar\/novedades\/preguntas-frecuentes\/","title":{"rendered":"Preguntas frecuentes"},"content":{"rendered":"<p><strong>C\u00d3MO COMPRO?<\/strong><br \/>\nMuy f\u00e1cil! Tienes que seguir \u00e9stos cortos pasos:<\/p>\n<ol>\n<li>Elige la <b>moneda<\/b> (<em>peso argentino para Argentina o d\u00f3lares estadounidenses para el resto<\/em>).<\/li>\n<li>Agrega el\/los curso\/s de tu inter\u00e9s a tu carrito.<\/li>\n<li>Finaliza la compra y completa tus datos.<\/li>\n<li>Elige tu medio de pago.<\/li>\n<li>Una vez acreditado el pago, aparecer\u00e1 el bot\u00f3n de &#8220;MIS CURSOS&#8221; en la barra de men\u00fas arriba de todo.<\/li>\n<\/ol>\n<p><strong>C\u00d3MO ACCEDO A &#8220;MIS CURSOS&#8221;?<\/strong><br \/>\nPara ver tus cursos deber\u00e1s INGRESAR con tus datos al sistema. Una vez hecho eso, el bot\u00f3n de &#8220;MIS CURSOS&#8221; aparecer\u00e1 en la barra de men\u00fas arriba de todo.<\/p>\n<p><strong>POR CU\u00c1NTO TIEMPO EST\u00c1N DISPONIBLES MIS CURSOS?<\/strong><br \/>\n5 (cinco) a\u00f1os a partir de la fecha de compra! Ufff, si ten\u00e9s tiempo para hacerlos!<\/p>\n<p><strong>NECESITO CONOCIMIENTO PREVIO PARA REALIZAR LOS CURSOS?<\/strong><br \/>\nNo! Los videos est\u00e1n grabados en calidad HD con todos los pasos necesarios para que puedas realizar sin incovenientes. Adem\u00e1s, cuentas con todo el material de referencia para seguirme durante todo el proceso.<\/p>\n<p><strong>QU\u00c9 MATERIALES NECESITO?<\/strong><br \/>\nSi bien los materiales de cada curso estar\u00e1n detalladado dentro de cada uno. Te comento aqu\u00ed, los materiales y herramientas b\u00e1sicas para trabajar: estecas varias, rodillo para estirar masa, tijera grande y chica, cutter con filo nuevo, cola blanca, alambre galvanizado de 1.5mm aprox, pintura acr\u00edlica, pegamento instant\u00e1neo.<br \/>\nUno de los materiales m\u00e1s usados para la estructura de las piezas es el telgopor (tecnopor, icopor, isopor, duropor, poliespuma, poliespan, espuma plast o corcho blanco). En eses caso, deber\u00e1s comprar uno de alta densidad, ya que de lo contrario, se desgranar\u00e1 todo cuando intentes tallar con el c\u00fatter. La densidad el telgopor se mide por el peso que soporta el M2 de telgopor sin deformarse. Asi que el que nos sirve es el telgopor de 20kg o m\u00e1s. (25kg, 30kg, etc).<br \/>\nEn cuanto a la masa para modelar. Hoy existen muchas opciones de donde elegir. Para las piezas donde necesitamos que se funda en una sola pieza, prefiero la porcelana fr\u00eda estandard. Ahora, si hay alguna parte de la pieza que es muy finita o es fr\u00e1gil, como por ejemplo un bracito al aire o los pelos volados, en ese caso, prefiero usar alguna porcelana fr\u00eda flexible. Y si adem\u00e1s busco que un accesorio sea muy liviano, usar\u00eda una porcelana fr\u00eda soft. Como ver\u00e1s, depende todo del gusto de cada artesana. As\u00ed te recomiendo que no te limites y experimenta!<\/p>\n<p><strong>D\u00d3NDE PUEDO DEJAR MI CONSULTA SOBRE ALG\u00daN VIDEO?<\/strong><br \/>\nContamos con una secci\u00f3n de FORO para recurrir si necesitas asistencia durante el curso. Para dejar alguna consulta o abrir un debate, s\u00f3lo tienes que acceder al FORO DEL CURSO CORRESPONDIENTE!<\/p>\n<p><strong>C\u00d3MO PUEDO ABONAR?<\/strong><br \/>\nContamos con dos opciones de moneda para abonar: En Pesos Argentinos (AR$) para compras en Argentina y en D\u00f3lares Estadounidenses (U$) para compras fuera de Argentina. Aceptamos: Transferencia Bancaria (S\u00f3lo Argentina), todas las tarjetas mediante MercadoPago, Paypal (no necesitas contar con una cuenta) y Western Union.<\/p>\n<p><strong>NECESITO AYUDA! D\u00d3NDE ESCRIBO?<\/strong><br \/>\nEn la secci\u00f3n <a href=\"http:\/\/artewen.com.ar\/novedades\/contacto\/\">CONTACTO<\/a> est\u00e1 toda la info.<\/p>\n","protected":false},"excerpt":{"rendered":"<p>C\u00d3MO COMPRO? Muy f\u00e1cil! Tienes que seguir \u00e9stos cortos pasos: Elige la moneda (peso argentino para Argentina o d\u00f3lares estadounidenses para el resto). Agrega el\/los curso\/s de tu inter\u00e9s a tu carrito. Finaliza la compra y completa tus datos. Elige tu medio de pago. Una vez acreditado el pago, aparecer\u00e1 el bot\u00f3n de &#8220;MIS CURSOS&#8221; [&hellip;]<\/p>\n","protected":false},"author":1,"featured_media":0,"parent":0,"menu_order":0,"comment_status":"closed","ping_status":"closed","template":"","meta":{"_bbp_topic_count":0,"_bbp_reply_count":0,"_bbp_total_topic_count":0,"_bbp_total_reply_count":0,"_bbp_voice_count":0,"_bbp_anonymous_reply_count":0,"_bbp_topic_count_hidden":0,"_bbp_reply_count_hidden":0,"_bbp_forum_subforum_count":0,"ngg_post_thumbnail":0,"_joinchat":[],"footnotes":""},"class_list":["post-1620","page","type-page","status-publish","hentry"],"_links":{"self":[{"href":"https:\/\/artewen.com.ar\/novedades\/wp-json\/wp\/v2\/pages\/1620","targetHints":{"allow":["GET"]}}],"collection":[{"href":"https:\/\/artewen.com.ar\/novedades\/wp-json\/wp\/v2\/pages"}],"about":[{"href":"https:\/\/artewen.com.ar\/novedades\/wp-json\/wp\/v2\/types\/page"}],"author":[{"embeddable":true,"href":"https:\/\/artewen.com.ar\/novedades\/wp-json\/wp\/v2\/users\/1"}],"replies":[{"embeddable":true,"href":"https:\/\/artewen.com.ar\/novedades\/wp-json\/wp\/v2\/comments?post=1620"}],"version-history":[{"count":0,"href":"https:\/\/artewen.com.ar\/novedades\/wp-json\/wp\/v2\/pages\/1620\/revisions"}],"wp:attachment":[{"href":"https:\/\/artewen.com.ar\/novedades\/wp-json\/wp\/v2\/media?parent=1620"}],"curies":[{"name":"wp","href":"https:\/\/api.w.org\/{rel}","templated":true}]}}