{"id":925,"date":"2021-08-25T16:16:56","date_gmt":"2021-08-25T19:16:56","guid":{"rendered":"https:\/\/artewen.com.ar\/novedades\/?page_id=925"},"modified":"2021-08-28T11:21:06","modified_gmt":"2021-08-28T14:21:06","slug":"mi-historia","status":"publish","type":"page","link":"https:\/\/artewen.com.ar\/novedades\/mi-historia\/","title":{"rendered":"Mi historia"},"content":{"rendered":"\t\t<div data-elementor-type=\"wp-page\" data-elementor-id=\"925\" class=\"elementor elementor-925\">\n\t\t\t\t\t\t<section class=\"elementor-section elementor-top-section elementor-element elementor-element-45a86316 elementor-section-boxed elementor-section-height-default elementor-section-height-default\" data-id=\"45a86316\" data-element_type=\"section\" data-e-type=\"section\">\n\t\t\t\t\t\t<div class=\"elementor-container elementor-column-gap-default\">\n\t\t\t\t\t<div class=\"elementor-column elementor-col-100 elementor-top-column elementor-element elementor-element-69ab4634\" data-id=\"69ab4634\" data-element_type=\"column\" data-e-type=\"column\">\n\t\t\t<div class=\"elementor-widget-wrap elementor-element-populated\">\n\t\t\t\t\t\t<div class=\"elementor-element elementor-element-6cecc893 elementor-widget elementor-widget-text-editor\" data-id=\"6cecc893\" data-element_type=\"widget\" data-e-type=\"widget\" data-widget_type=\"text-editor.default\">\n\t\t\t\t<div class=\"elementor-widget-container\">\n\t\t\t\t\t\t\t\t\t<p><img fetchpriority=\"high\" decoding=\"async\" class=\"alignleft wp-image-1178\" src=\"http:\/\/artewen.com.ar\/novedades\/wp-content\/uploads\/2021\/08\/wen-1-300x222.jpg\" alt=\"\" width=\"400\" height=\"296\" srcset=\"https:\/\/artewen.com.ar\/novedades\/wp-content\/uploads\/2021\/08\/wen-1-300x222.jpg 300w, https:\/\/artewen.com.ar\/novedades\/wp-content\/uploads\/2021\/08\/wen-1-216x160.jpg 216w, https:\/\/artewen.com.ar\/novedades\/wp-content\/uploads\/2021\/08\/wen-1-400x296.jpg 400w, https:\/\/artewen.com.ar\/novedades\/wp-content\/uploads\/2021\/08\/wen-1.jpg 600w\" sizes=\"(max-width: 400px) 100vw, 400px\" \/><\/p>\n\n<p>Hola! Soy Wen!<\/p>\n<p>Y me dedico a la escultura desde hace casi 20 a\u00f1os. Comenc\u00e9 a modelar de forma autodidacta un par de a\u00f1os, pero luego tom\u00e9 cursos con diferentes artistas con quienes fui creciendo hasta el d\u00eda de hoy.<\/p>\n<p>Trabajo principalmente con porcelana fr\u00eda recreando figuras y personajes de fantas\u00eda, pero siempre estoy en la b\u00fasqueda constante de diferentes materiales para combinarlos. Esa inquietud me llev\u00f3 a experimentar modelando con la masilla epoxi y la arcilla polim\u00e9rica y adem\u00e1s, replicado de figuras peque\u00f1as en resina. De cada obra aprendo siempre!<\/p>\n<p>En 2013 mi copiloto de la vida y yo abrimos nuestro taller-escuela en Rosario, Santa F\u00e9, Argentina. Fue un proyecto pionero en nuestra ciudad por ser el primer taller especializado en la ense\u00f1anza de modelado de figuras infantiles con salida laboral donde muchas artesanas emprendedoras y pasteleras siguen confiando en nosotros para perfeccionarse.<\/p>\n<p>Mi objetivo como profesora es la de guiar a los\/las alumnos\/as a desarrollar t\u00e9cnicas que les sirva para un abanico amplio de futuros proyectos. Para eso, adem\u00e1s de aprender a utilizar diferentes materiales o la estructura adecuada para cada proyecto, es muy importante desarrollar t\u00e9cnicas de estudio de cada personaje para luego lograr recrear figuras en 3D con referencias en 2D. Teniendo esas t\u00e9cnicas aprendidas, el material elegido para materializarlo es s\u00f3lo una cuesti\u00f3n menor.<\/p>\n<p>Ahora comienza otra etapa de mi carrera y mi compa\u00f1ero y yo tenemos un plan!! La era digital lleg\u00f3 para quedarse y te invitamos a que nos acompa\u00f1es a mostrarte todo lo que tenemos para ofrecer. Muchas propuestas de videoclases para aprender a modelar desde lo m\u00e1s b\u00e1sico hasta nivel avanzado, siempre con la misma calidad, dedicaci\u00f3n y amor por lo que hacemos.<\/p>\n<p>Bienvenida\/o!!<\/p>\n\t\t\t\t\t\t\t\t<\/div>\n\t\t\t\t<\/div>\n\t\t\t\t\t<\/div>\n\t\t<\/div>\n\t\t\t\t\t<\/div>\n\t\t<\/section>\n\t\t\t\t<\/div>\n\t\t","protected":false},"excerpt":{"rendered":"<p>Hola! Soy Wen! Y me dedico a la escultura desde hace casi 20 a\u00f1os. Comenc\u00e9 a modelar de forma autodidacta un par de a\u00f1os, pero luego tom\u00e9 cursos con diferentes artistas con quienes fui creciendo hasta el d\u00eda de hoy. Trabajo principalmente con porcelana fr\u00eda recreando figuras y personajes de fantas\u00eda, pero siempre estoy en [&hellip;]<\/p>\n","protected":false},"author":1,"featured_media":0,"parent":0,"menu_order":0,"comment_status":"closed","ping_status":"closed","template":"","meta":{"_bbp_topic_count":0,"_bbp_reply_count":0,"_bbp_total_topic_count":0,"_bbp_total_reply_count":0,"_bbp_voice_count":0,"_bbp_anonymous_reply_count":0,"_bbp_topic_count_hidden":0,"_bbp_reply_count_hidden":0,"_bbp_forum_subforum_count":0,"ngg_post_thumbnail":0,"_joinchat":[],"footnotes":""},"class_list":["post-925","page","type-page","status-publish","hentry"],"_links":{"self":[{"href":"https:\/\/artewen.com.ar\/novedades\/wp-json\/wp\/v2\/pages\/925","targetHints":{"allow":["GET"]}}],"collection":[{"href":"https:\/\/artewen.com.ar\/novedades\/wp-json\/wp\/v2\/pages"}],"about":[{"href":"https:\/\/artewen.com.ar\/novedades\/wp-json\/wp\/v2\/types\/page"}],"author":[{"embeddable":true,"href":"https:\/\/artewen.com.ar\/novedades\/wp-json\/wp\/v2\/users\/1"}],"replies":[{"embeddable":true,"href":"https:\/\/artewen.com.ar\/novedades\/wp-json\/wp\/v2\/comments?post=925"}],"version-history":[{"count":0,"href":"https:\/\/artewen.com.ar\/novedades\/wp-json\/wp\/v2\/pages\/925\/revisions"}],"wp:attachment":[{"href":"https:\/\/artewen.com.ar\/novedades\/wp-json\/wp\/v2\/media?parent=925"}],"curies":[{"name":"wp","href":"https:\/\/api.w.org\/{rel}","templated":true}]}}