{"id":1060,"date":"2021-08-25T19:52:44","date_gmt":"2021-08-25T22:52:44","guid":{"rendered":"https:\/\/artewen.com.ar\/novedades\/?post_type=product&#038;p=1060"},"modified":"2026-02-05T11:09:09","modified_gmt":"2026-02-05T14:09:09","slug":"carl-fredricksen-el-viejito-de-up","status":"publish","type":"product","link":"https:\/\/artewen.com.ar\/novedades\/producto\/carl-fredricksen-el-viejito-de-up\/","title":{"rendered":"Carl Fredricksen -El Viejito de UP!"},"content":{"rendered":"<p>\u2013 En \u00e9sta oportunidad tallamos TODO!! o bien casi todo! Tallaremos rostro con definici\u00f3n de vol\u00famen, torso completo, pantal\u00f3n y hasta los zapatitos!!<br \/>\n\u2013 Trabajaremos con muchos detalles de prenda de vestir, arrugas, texturas, que luego podr\u00e1s resaltarlo todo aplicando luces y sombras!!<br \/>\n\u2013 Modelaremos el rostro con todos los detalles, hasta los lentes haremos!!! Pero no te preocupes, en el video est\u00e1 todo detallado paso paso!!!<\/p>\n<p>Duraci\u00f3n del curso completo: 4 horas en 12 cap\u00edtulos.<\/p>\n<p>Que esper\u00e1s para sumarte?!?<\/p>\n","protected":false},"excerpt":{"rendered":"<p>Veni a modelar conmigo el viejito m\u00e1s rom\u00e1ntico de todos!!<\/p>\n","protected":false},"featured_media":849,"template":"","meta":{"_bbp_topic_count":0,"_bbp_reply_count":0,"_bbp_total_topic_count":0,"_bbp_total_reply_count":0,"_bbp_voice_count":0,"_bbp_anonymous_reply_count":0,"_bbp_topic_count_hidden":0,"_bbp_reply_count_hidden":0,"_bbp_forum_subforum_count":0,"ngg_post_thumbnail":0,"_joinchat":[]},"product_brand":[],"product_cat":[72],"product_tag":[],"class_list":{"0":"post-1060","1":"product","2":"type-product","3":"status-publish","4":"has-post-thumbnail","6":"product_cat-videoclases-2","8":"first","9":"instock","10":"virtual","11":"sold-individually","12":"purchasable","13":"product-type-course"},"_links":{"self":[{"href":"https:\/\/artewen.com.ar\/novedades\/wp-json\/wp\/v2\/product\/1060","targetHints":{"allow":["GET"]}}],"collection":[{"href":"https:\/\/artewen.com.ar\/novedades\/wp-json\/wp\/v2\/product"}],"about":[{"href":"https:\/\/artewen.com.ar\/novedades\/wp-json\/wp\/v2\/types\/product"}],"wp:featuredmedia":[{"embeddable":true,"href":"https:\/\/artewen.com.ar\/novedades\/wp-json\/wp\/v2\/media\/849"}],"wp:attachment":[{"href":"https:\/\/artewen.com.ar\/novedades\/wp-json\/wp\/v2\/media?parent=1060"}],"wp:term":[{"taxonomy":"product_brand","embeddable":true,"href":"https:\/\/artewen.com.ar\/novedades\/wp-json\/wp\/v2\/product_brand?post=1060"},{"taxonomy":"product_cat","embeddable":true,"href":"https:\/\/artewen.com.ar\/novedades\/wp-json\/wp\/v2\/product_cat?post=1060"},{"taxonomy":"product_tag","embeddable":true,"href":"https:\/\/artewen.com.ar\/novedades\/wp-json\/wp\/v2\/product_tag?post=1060"}],"curies":[{"name":"wp","href":"https:\/\/api.w.org\/{rel}","templated":true}]}}