{"id":1063,"date":"2021-08-25T20:04:56","date_gmt":"2021-08-25T23:04:56","guid":{"rendered":"https:\/\/artewen.com.ar\/novedades\/?post_type=product&#038;p=1063"},"modified":"2026-02-05T11:09:30","modified_gmt":"2026-02-05T14:09:30","slug":"kokeshi","status":"publish","type":"product","link":"https:\/\/artewen.com.ar\/novedades\/producto\/kokeshi\/","title":{"rendered":"Kokeshi"},"content":{"rendered":"<p>Video tutorial paso a paso para modelar una mu\u00f1eca japonesa estilo KOKESHI de 13cm de alto. Durante todo el proceso aprender\u00e1s t\u00e9cnicas b\u00e1sicas de tallado en telgopor, estructura y forrado de piezas en porcelana fr\u00eda. Pintura y terminaciones de todos los detalles!!! Una vez que aprendas a realizarla pod\u00e9s aplicar la t\u00e9cnica en infinidades de modelos a tu gusto!!<\/p>\n<p>Duraci\u00f3n del curso completo: 1 hora y 10 minutos en 5 cap\u00edtulos.<\/p>\n","protected":false},"excerpt":{"rendered":"<p>Proyecto ideal para principiantes!<\/p>\n","protected":false},"featured_media":857,"template":"","meta":{"_bbp_topic_count":0,"_bbp_reply_count":0,"_bbp_total_topic_count":0,"_bbp_total_reply_count":0,"_bbp_voice_count":0,"_bbp_anonymous_reply_count":0,"_bbp_topic_count_hidden":0,"_bbp_reply_count_hidden":0,"_bbp_forum_subforum_count":0,"ngg_post_thumbnail":0,"_joinchat":[]},"product_brand":[],"product_cat":[72],"product_tag":[],"class_list":{"0":"post-1063","1":"product","2":"type-product","3":"status-publish","4":"has-post-thumbnail","6":"product_cat-videoclases-2","8":"first","9":"instock","10":"virtual","11":"sold-individually","12":"purchasable","13":"product-type-course"},"_links":{"self":[{"href":"https:\/\/artewen.com.ar\/novedades\/wp-json\/wp\/v2\/product\/1063","targetHints":{"allow":["GET"]}}],"collection":[{"href":"https:\/\/artewen.com.ar\/novedades\/wp-json\/wp\/v2\/product"}],"about":[{"href":"https:\/\/artewen.com.ar\/novedades\/wp-json\/wp\/v2\/types\/product"}],"wp:featuredmedia":[{"embeddable":true,"href":"https:\/\/artewen.com.ar\/novedades\/wp-json\/wp\/v2\/media\/857"}],"wp:attachment":[{"href":"https:\/\/artewen.com.ar\/novedades\/wp-json\/wp\/v2\/media?parent=1063"}],"wp:term":[{"taxonomy":"product_brand","embeddable":true,"href":"https:\/\/artewen.com.ar\/novedades\/wp-json\/wp\/v2\/product_brand?post=1063"},{"taxonomy":"product_cat","embeddable":true,"href":"https:\/\/artewen.com.ar\/novedades\/wp-json\/wp\/v2\/product_cat?post=1063"},{"taxonomy":"product_tag","embeddable":true,"href":"https:\/\/artewen.com.ar\/novedades\/wp-json\/wp\/v2\/product_tag?post=1063"}],"curies":[{"name":"wp","href":"https:\/\/api.w.org\/{rel}","templated":true}]}}