{"id":1064,"date":"2021-08-25T20:11:27","date_gmt":"2021-08-25T23:11:27","guid":{"rendered":"https:\/\/artewen.com.ar\/novedades\/?post_type=product&#038;p=1064"},"modified":"2026-02-05T11:09:41","modified_gmt":"2026-02-05T14:09:41","slug":"hector-marioneta","status":"publish","type":"product","link":"https:\/\/artewen.com.ar\/novedades\/producto\/hector-marioneta\/","title":{"rendered":"H\u00e9ctor Marioneta"},"content":{"rendered":"<p>Y si hacemos una marioneta?<\/p>\n<p>Una perfecta excusa para modelar para regalar. Aprender\u00e1s a tallar, armar una estructura articulada, estudiar anatom\u00eda humana b\u00e1sica y divertirte con el resultado!<\/p>\n<p>Duraci\u00f3n del curso completo: 4 horas con 55 minutos en 29 cap\u00edtulos.<\/p>\n","protected":false},"excerpt":{"rendered":"<p>Ven\u00ed a realizar una marioneta s\u00faper!<\/p>\n","protected":false},"featured_media":853,"template":"","meta":{"_bbp_topic_count":0,"_bbp_reply_count":0,"_bbp_total_topic_count":0,"_bbp_total_reply_count":0,"_bbp_voice_count":0,"_bbp_anonymous_reply_count":0,"_bbp_topic_count_hidden":0,"_bbp_reply_count_hidden":0,"_bbp_forum_subforum_count":0,"ngg_post_thumbnail":0,"_joinchat":[]},"product_brand":[],"product_cat":[72],"product_tag":[],"class_list":{"0":"post-1064","1":"product","2":"type-product","3":"status-publish","4":"has-post-thumbnail","6":"product_cat-videoclases-2","8":"first","9":"instock","10":"virtual","11":"sold-individually","12":"purchasable","13":"product-type-course"},"_links":{"self":[{"href":"https:\/\/artewen.com.ar\/novedades\/wp-json\/wp\/v2\/product\/1064","targetHints":{"allow":["GET"]}}],"collection":[{"href":"https:\/\/artewen.com.ar\/novedades\/wp-json\/wp\/v2\/product"}],"about":[{"href":"https:\/\/artewen.com.ar\/novedades\/wp-json\/wp\/v2\/types\/product"}],"wp:featuredmedia":[{"embeddable":true,"href":"https:\/\/artewen.com.ar\/novedades\/wp-json\/wp\/v2\/media\/853"}],"wp:attachment":[{"href":"https:\/\/artewen.com.ar\/novedades\/wp-json\/wp\/v2\/media?parent=1064"}],"wp:term":[{"taxonomy":"product_brand","embeddable":true,"href":"https:\/\/artewen.com.ar\/novedades\/wp-json\/wp\/v2\/product_brand?post=1064"},{"taxonomy":"product_cat","embeddable":true,"href":"https:\/\/artewen.com.ar\/novedades\/wp-json\/wp\/v2\/product_cat?post=1064"},{"taxonomy":"product_tag","embeddable":true,"href":"https:\/\/artewen.com.ar\/novedades\/wp-json\/wp\/v2\/product_tag?post=1064"}],"curies":[{"name":"wp","href":"https:\/\/api.w.org\/{rel}","templated":true}]}}