{"id":1065,"date":"2021-08-25T20:14:30","date_gmt":"2021-08-25T23:14:30","guid":{"rendered":"https:\/\/artewen.com.ar\/novedades\/?post_type=product&#038;p=1065"},"modified":"2026-02-05T11:09:52","modified_gmt":"2026-02-05T14:09:52","slug":"lol-surprise","status":"publish","type":"product","link":"https:\/\/artewen.com.ar\/novedades\/producto\/lol-surprise\/","title":{"rendered":"Lol Surprise"},"content":{"rendered":"<p>El video tutorial de modelado de \u00abLOL Surprise\u00bb en porcelana fr\u00eda incluye t\u00e9cnicas de:<br \/>\ntallado simple, estructura de piezas, pintura de ojos, peinado y muchos m\u00e1s!!<br \/>\nCon \u00e9sta gu\u00eda pod\u00e9s realizar otras LOLs similares sin ning\u00fan incoveniente!!<\/p>\n<p>Duraci\u00f3n del curso completo: 2 horas en 12 cap\u00edtulos.<\/p>\n","protected":false},"excerpt":{"rendered":"<p>Super f\u00e1cil, ideal para principiantes!<\/p>\n","protected":false},"featured_media":858,"template":"","meta":{"_bbp_topic_count":0,"_bbp_reply_count":0,"_bbp_total_topic_count":0,"_bbp_total_reply_count":0,"_bbp_voice_count":0,"_bbp_anonymous_reply_count":0,"_bbp_topic_count_hidden":0,"_bbp_reply_count_hidden":0,"_bbp_forum_subforum_count":0,"ngg_post_thumbnail":0,"_joinchat":[]},"product_brand":[],"product_cat":[72],"product_tag":[],"class_list":{"0":"post-1065","1":"product","2":"type-product","3":"status-publish","4":"has-post-thumbnail","6":"product_cat-videoclases-2","8":"first","9":"instock","10":"virtual","11":"sold-individually","12":"purchasable","13":"product-type-course"},"_links":{"self":[{"href":"https:\/\/artewen.com.ar\/novedades\/wp-json\/wp\/v2\/product\/1065","targetHints":{"allow":["GET"]}}],"collection":[{"href":"https:\/\/artewen.com.ar\/novedades\/wp-json\/wp\/v2\/product"}],"about":[{"href":"https:\/\/artewen.com.ar\/novedades\/wp-json\/wp\/v2\/types\/product"}],"wp:featuredmedia":[{"embeddable":true,"href":"https:\/\/artewen.com.ar\/novedades\/wp-json\/wp\/v2\/media\/858"}],"wp:attachment":[{"href":"https:\/\/artewen.com.ar\/novedades\/wp-json\/wp\/v2\/media?parent=1065"}],"wp:term":[{"taxonomy":"product_brand","embeddable":true,"href":"https:\/\/artewen.com.ar\/novedades\/wp-json\/wp\/v2\/product_brand?post=1065"},{"taxonomy":"product_cat","embeddable":true,"href":"https:\/\/artewen.com.ar\/novedades\/wp-json\/wp\/v2\/product_cat?post=1065"},{"taxonomy":"product_tag","embeddable":true,"href":"https:\/\/artewen.com.ar\/novedades\/wp-json\/wp\/v2\/product_tag?post=1065"}],"curies":[{"name":"wp","href":"https:\/\/api.w.org\/{rel}","templated":true}]}}