{"id":1066,"date":"2021-08-25T20:17:24","date_gmt":"2021-08-25T23:17:24","guid":{"rendered":"https:\/\/artewen.com.ar\/novedades\/?post_type=product&#038;p=1066"},"modified":"2026-02-05T11:10:03","modified_gmt":"2026-02-05T14:10:03","slug":"mickey","status":"publish","type":"product","link":"https:\/\/artewen.com.ar\/novedades\/producto\/mickey\/","title":{"rendered":"Mickey"},"content":{"rendered":"<p>Con este video tutorial paso a paso complet\u00edsimo te muestro c\u00f3mo realizar desde cero al cl\u00e1sico de todos los cl\u00e1sicos!! Mickey!! y de 18cm!! En \u00e9sta oportunidad, veremos t\u00e9cnicas de forrado de esferas, alambrado, modelado completo de la cabeza, manos, montado de piezas, pintura y como siempre muchos tipos y secretos durante todo el proceso!<\/p>\n<p>Duraci\u00f3n del curso completo: 1 hora con 45 minutos en 7 cap\u00edtulos.<\/p>\n","protected":false},"excerpt":{"rendered":"<p>Animate a modelarlo con una t\u00e9cnica s\u00faper f\u00e1cil!<\/p>\n","protected":false},"featured_media":864,"template":"","meta":{"_bbp_topic_count":0,"_bbp_reply_count":0,"_bbp_total_topic_count":0,"_bbp_total_reply_count":0,"_bbp_voice_count":0,"_bbp_anonymous_reply_count":0,"_bbp_topic_count_hidden":0,"_bbp_reply_count_hidden":0,"_bbp_forum_subforum_count":0,"ngg_post_thumbnail":0,"_joinchat":[]},"product_brand":[],"product_cat":[72],"product_tag":[],"class_list":{"0":"post-1066","1":"product","2":"type-product","3":"status-publish","4":"has-post-thumbnail","6":"product_cat-videoclases-2","8":"first","9":"instock","10":"virtual","11":"sold-individually","12":"purchasable","13":"product-type-course"},"_links":{"self":[{"href":"https:\/\/artewen.com.ar\/novedades\/wp-json\/wp\/v2\/product\/1066","targetHints":{"allow":["GET"]}}],"collection":[{"href":"https:\/\/artewen.com.ar\/novedades\/wp-json\/wp\/v2\/product"}],"about":[{"href":"https:\/\/artewen.com.ar\/novedades\/wp-json\/wp\/v2\/types\/product"}],"wp:featuredmedia":[{"embeddable":true,"href":"https:\/\/artewen.com.ar\/novedades\/wp-json\/wp\/v2\/media\/864"}],"wp:attachment":[{"href":"https:\/\/artewen.com.ar\/novedades\/wp-json\/wp\/v2\/media?parent=1066"}],"wp:term":[{"taxonomy":"product_brand","embeddable":true,"href":"https:\/\/artewen.com.ar\/novedades\/wp-json\/wp\/v2\/product_brand?post=1066"},{"taxonomy":"product_cat","embeddable":true,"href":"https:\/\/artewen.com.ar\/novedades\/wp-json\/wp\/v2\/product_cat?post=1066"},{"taxonomy":"product_tag","embeddable":true,"href":"https:\/\/artewen.com.ar\/novedades\/wp-json\/wp\/v2\/product_tag?post=1066"}],"curies":[{"name":"wp","href":"https:\/\/api.w.org\/{rel}","templated":true}]}}