{"id":1069,"date":"2021-08-25T20:27:06","date_gmt":"2021-08-25T23:27:06","guid":{"rendered":"https:\/\/artewen.com.ar\/novedades\/?post_type=product&#038;p=1069"},"modified":"2026-02-05T11:10:25","modified_gmt":"2026-02-05T14:10:25","slug":"sonic","status":"publish","type":"product","link":"https:\/\/artewen.com.ar\/novedades\/producto\/sonic\/","title":{"rendered":"Sonic"},"content":{"rendered":"<p>Video tutorial paso a paso de \u00abSonic\u00bb de 15cm de alto! Con \u00e9ste proyecto divertiremos estudiando su proporci\u00f3n, alambrado de piezas, modelado de manos y rostro. Ah y tambi\u00e9n pintura de ojos para que sea igualito!!!<\/p>\n<p>Duraci\u00f3n del curso completo: 2 horas con 10 minutos en 8 cap\u00edtulos.<\/p>\n","protected":false},"excerpt":{"rendered":"<p>Ac\u00e1 para los fan\u00e1ticos del videojuego!<\/p>\n","protected":false},"featured_media":875,"template":"","meta":{"_bbp_topic_count":0,"_bbp_reply_count":0,"_bbp_total_topic_count":0,"_bbp_total_reply_count":0,"_bbp_voice_count":0,"_bbp_anonymous_reply_count":0,"_bbp_topic_count_hidden":0,"_bbp_reply_count_hidden":0,"_bbp_forum_subforum_count":0,"ngg_post_thumbnail":0,"_joinchat":[]},"product_brand":[],"product_cat":[72],"product_tag":[],"class_list":{"0":"post-1069","1":"product","2":"type-product","3":"status-publish","4":"has-post-thumbnail","6":"product_cat-videoclases-2","8":"first","9":"instock","10":"virtual","11":"sold-individually","12":"purchasable","13":"product-type-course"},"_links":{"self":[{"href":"https:\/\/artewen.com.ar\/novedades\/wp-json\/wp\/v2\/product\/1069","targetHints":{"allow":["GET"]}}],"collection":[{"href":"https:\/\/artewen.com.ar\/novedades\/wp-json\/wp\/v2\/product"}],"about":[{"href":"https:\/\/artewen.com.ar\/novedades\/wp-json\/wp\/v2\/types\/product"}],"wp:featuredmedia":[{"embeddable":true,"href":"https:\/\/artewen.com.ar\/novedades\/wp-json\/wp\/v2\/media\/875"}],"wp:attachment":[{"href":"https:\/\/artewen.com.ar\/novedades\/wp-json\/wp\/v2\/media?parent=1069"}],"wp:term":[{"taxonomy":"product_brand","embeddable":true,"href":"https:\/\/artewen.com.ar\/novedades\/wp-json\/wp\/v2\/product_brand?post=1069"},{"taxonomy":"product_cat","embeddable":true,"href":"https:\/\/artewen.com.ar\/novedades\/wp-json\/wp\/v2\/product_cat?post=1069"},{"taxonomy":"product_tag","embeddable":true,"href":"https:\/\/artewen.com.ar\/novedades\/wp-json\/wp\/v2\/product_tag?post=1069"}],"curies":[{"name":"wp","href":"https:\/\/api.w.org\/{rel}","templated":true}]}}