{"id":1070,"date":"2022-06-25T20:29:21","date_gmt":"2022-06-25T23:29:21","guid":{"rendered":"https:\/\/artewen.com.ar\/novedades\/?post_type=product&#038;p=1070"},"modified":"2026-02-05T11:14:05","modified_gmt":"2026-02-05T14:14:05","slug":"mafalda","status":"publish","type":"product","link":"https:\/\/artewen.com.ar\/novedades\/producto\/mafalda\/","title":{"rendered":"Mafalda"},"content":{"rendered":"<div class=\"woocommerce-product-details__short-description\">\n<p>Preparate para los 140 minutos de video en alta definici\u00f3n con todos los pasos y detalles para que te salga igual!!!<br \/>\nVamos a ver t\u00e9cnicas de tallado con encastre, forrado y definici\u00f3n de partes del modelado para que todo encaje perfecto!<br \/>\nAdem\u00e1s, estate atenta, porque durante todo el proceso voy a incluirte muchos secretos que te servir\u00e1n para futuros trabajos!!<br \/>\nNo s\u00f3lo en \u00e9ste video, sino en los otros videos de la serie \u00abMafalda y amigos\u00bb si bien tienen muchos detalles en com\u00fan, con cada uno de ellos nos enfrentamos a un desaf\u00edo nuevo y t\u00e9cnicas nuevas para aprender y divertirnos!!<br \/>\nA m\u00ed me encantan los desaf\u00edos\u2026 y a vos??<br \/>\nSi quer\u00e9s ver en detalle los distintos desaf\u00edos de cada personaje, te cuento que lo encontrar\u00e1s en la descripci\u00f3n de cada uno de ellos!<\/p>\n<p>Espero verte por all\u00e1!!!<\/p>\n<\/div>\n","protected":false},"excerpt":{"rendered":"<p>Mafalda, nuestra querida Mafalda! Me encantar\u00eda que me acompa\u00f1es a modelar unas de las figuras que m\u00e1s amo!!!<\/p>\n","protected":false},"featured_media":3855,"template":"","meta":{"_bbp_topic_count":0,"_bbp_reply_count":0,"_bbp_total_topic_count":0,"_bbp_total_reply_count":0,"_bbp_voice_count":0,"_bbp_anonymous_reply_count":0,"_bbp_topic_count_hidden":0,"_bbp_reply_count_hidden":0,"_bbp_forum_subforum_count":0,"ngg_post_thumbnail":0,"_joinchat":[]},"product_brand":[],"product_cat":[72],"product_tag":[],"class_list":{"0":"post-1070","1":"product","2":"type-product","3":"status-publish","4":"has-post-thumbnail","6":"product_cat-videoclases-2","8":"first","9":"instock","10":"virtual","11":"sold-individually","12":"purchasable","13":"product-type-course"},"_links":{"self":[{"href":"https:\/\/artewen.com.ar\/novedades\/wp-json\/wp\/v2\/product\/1070","targetHints":{"allow":["GET"]}}],"collection":[{"href":"https:\/\/artewen.com.ar\/novedades\/wp-json\/wp\/v2\/product"}],"about":[{"href":"https:\/\/artewen.com.ar\/novedades\/wp-json\/wp\/v2\/types\/product"}],"wp:featuredmedia":[{"embeddable":true,"href":"https:\/\/artewen.com.ar\/novedades\/wp-json\/wp\/v2\/media\/3855"}],"wp:attachment":[{"href":"https:\/\/artewen.com.ar\/novedades\/wp-json\/wp\/v2\/media?parent=1070"}],"wp:term":[{"taxonomy":"product_brand","embeddable":true,"href":"https:\/\/artewen.com.ar\/novedades\/wp-json\/wp\/v2\/product_brand?post=1070"},{"taxonomy":"product_cat","embeddable":true,"href":"https:\/\/artewen.com.ar\/novedades\/wp-json\/wp\/v2\/product_cat?post=1070"},{"taxonomy":"product_tag","embeddable":true,"href":"https:\/\/artewen.com.ar\/novedades\/wp-json\/wp\/v2\/product_tag?post=1070"}],"curies":[{"name":"wp","href":"https:\/\/api.w.org\/{rel}","templated":true}]}}