{"id":1075,"date":"2020-08-25T20:50:08","date_gmt":"2020-08-25T23:50:08","guid":{"rendered":"https:\/\/artewen.com.ar\/novedades\/?post_type=product&#038;p=1075"},"modified":"2026-02-05T11:08:49","modified_gmt":"2026-02-05T14:08:49","slug":"nivis-blink","status":"publish","type":"product","link":"https:\/\/artewen.com.ar\/novedades\/producto\/nivis-blink\/","title":{"rendered":"Nivis (Blink)"},"content":{"rendered":"<p>Con \u00e9ste proyecto vamos a dar nuestros primeros pasos tallando telgopor y&nbsp; adem\u00e1s aprenderemos t\u00e9cnicas b\u00e1sicas de forrado con masa de porcelana fr\u00eda y pintura para dar vida a \u00e9ste simp\u00e1tico personaje.<\/p>\n<p>Duraci\u00f3n del curso completo: 2 horas en 6 cap\u00edtulos.<\/p>\n","protected":false},"excerpt":{"rendered":"<p>Si quer\u00e9s comenzar a modelar, \u00e9ste personaje te va a enamorar!!<\/p>\n","protected":false},"featured_media":848,"template":"","meta":{"_bbp_topic_count":0,"_bbp_reply_count":0,"_bbp_total_topic_count":0,"_bbp_total_reply_count":0,"_bbp_voice_count":0,"_bbp_anonymous_reply_count":0,"_bbp_topic_count_hidden":0,"_bbp_reply_count_hidden":0,"_bbp_forum_subforum_count":0,"ngg_post_thumbnail":0,"_joinchat":[]},"product_brand":[],"product_cat":[72],"product_tag":[],"class_list":{"0":"post-1075","1":"product","2":"type-product","3":"status-publish","4":"has-post-thumbnail","6":"product_cat-videoclases-2","8":"first","9":"instock","10":"virtual","11":"sold-individually","12":"purchasable","13":"product-type-course"},"_links":{"self":[{"href":"https:\/\/artewen.com.ar\/novedades\/wp-json\/wp\/v2\/product\/1075","targetHints":{"allow":["GET"]}}],"collection":[{"href":"https:\/\/artewen.com.ar\/novedades\/wp-json\/wp\/v2\/product"}],"about":[{"href":"https:\/\/artewen.com.ar\/novedades\/wp-json\/wp\/v2\/types\/product"}],"wp:featuredmedia":[{"embeddable":true,"href":"https:\/\/artewen.com.ar\/novedades\/wp-json\/wp\/v2\/media\/848"}],"wp:attachment":[{"href":"https:\/\/artewen.com.ar\/novedades\/wp-json\/wp\/v2\/media?parent=1075"}],"wp:term":[{"taxonomy":"product_brand","embeddable":true,"href":"https:\/\/artewen.com.ar\/novedades\/wp-json\/wp\/v2\/product_brand?post=1075"},{"taxonomy":"product_cat","embeddable":true,"href":"https:\/\/artewen.com.ar\/novedades\/wp-json\/wp\/v2\/product_cat?post=1075"},{"taxonomy":"product_tag","embeddable":true,"href":"https:\/\/artewen.com.ar\/novedades\/wp-json\/wp\/v2\/product_tag?post=1075"}],"curies":[{"name":"wp","href":"https:\/\/api.w.org\/{rel}","templated":true}]}}