{"id":1852,"date":"2021-09-21T10:45:31","date_gmt":"2021-09-21T13:45:31","guid":{"rendered":"https:\/\/artewen.com.ar\/novedades\/?post_type=product&#038;p=1852"},"modified":"2026-02-05T11:12:29","modified_gmt":"2026-02-05T14:12:29","slug":"clasiquitos-de-terror","status":"publish","type":"product","link":"https:\/\/artewen.com.ar\/novedades\/producto\/clasiquitos-de-terror\/","title":{"rendered":"Clasiquitos de terror"},"content":{"rendered":"<p>Me d\u00e1 mucha alegria poder acompa\u00f1arte en \u00e9ste curso! Es un proyecto que viene posterg\u00e1ndose ya hace varios a\u00f1os y ahora encontr\u00e9 la inspiraci\u00f3n justa para llevarlos a cabo.<br \/>\nNo soy muy fan de los monstruos y mucho menos de bichos de terror! Pero siempre me divirti\u00f3 la idea de poder recrear a \u00e9stos personajes en su versi\u00f3n infantil.<\/p>\n<p>Estos peque\u00f1os traviesos nos dar\u00e1n las excusas perfectas para aprender todas las t\u00e9cnicas que seguro podr\u00e1s aplicar a muchos otros trabajos!<br \/>\nAlgunas de las t\u00e9cnicas inclu\u00eddas en \u00e9ste curso son:<\/p>\n<ul>\n<li>Modelado de rostro, tallado completo, alambrado, pintura y maquillaje.<\/li>\n<li>Dise\u00f1o de plantilla para el tallado.<\/li>\n<li>3 variantes de articulaci\u00f3n para cada personaje!<\/li>\n<\/ul>\n<p>No necesit\u00e1s conocimiento previo porque todos los pasos est\u00e1n grabados en detalle para que puedas seguirme. Y adem\u00e1s, cont\u00e1s con la secci\u00f3n de FORO DE CONSULTA exclusivo para el curso, donde puedes dejarme tus dudas o simplemente compartir tu proceso!<\/p>\n<p>Te esperamos!!<\/p>\n","protected":false},"excerpt":{"rendered":"<p>Estoy muy entusiasmada por compartir \u00e9sta serie de &#8220;Clasiquitos del Terror&#8221; con&nbsp; todos uds!!!<br \/>\nDe qu\u00e9 se trata?? Es un curso s\u00faper completo donde recrearemos tres proyectos Freddy, Carrie y Frankie en dos versiones de cada uno: una pieza r\u00edgida y otra articulada.<br \/>\n6 proyectos en total!<br \/>\nAltura aproximada de cada uno es de 25 a 28cm.<\/p>\n","protected":false},"featured_media":2084,"template":"","meta":{"_bbp_topic_count":0,"_bbp_reply_count":0,"_bbp_total_topic_count":0,"_bbp_total_reply_count":0,"_bbp_voice_count":0,"_bbp_anonymous_reply_count":0,"_bbp_topic_count_hidden":0,"_bbp_reply_count_hidden":0,"_bbp_forum_subforum_count":0,"ngg_post_thumbnail":0,"_joinchat":[]},"product_brand":[],"product_cat":[72],"product_tag":[],"class_list":{"0":"post-1852","1":"product","2":"type-product","3":"status-publish","4":"has-post-thumbnail","6":"product_cat-videoclases-2","8":"first","9":"instock","10":"virtual","11":"sold-individually","12":"purchasable","13":"product-type-course"},"_links":{"self":[{"href":"https:\/\/artewen.com.ar\/novedades\/wp-json\/wp\/v2\/product\/1852","targetHints":{"allow":["GET"]}}],"collection":[{"href":"https:\/\/artewen.com.ar\/novedades\/wp-json\/wp\/v2\/product"}],"about":[{"href":"https:\/\/artewen.com.ar\/novedades\/wp-json\/wp\/v2\/types\/product"}],"wp:featuredmedia":[{"embeddable":true,"href":"https:\/\/artewen.com.ar\/novedades\/wp-json\/wp\/v2\/media\/2084"}],"wp:attachment":[{"href":"https:\/\/artewen.com.ar\/novedades\/wp-json\/wp\/v2\/media?parent=1852"}],"wp:term":[{"taxonomy":"product_brand","embeddable":true,"href":"https:\/\/artewen.com.ar\/novedades\/wp-json\/wp\/v2\/product_brand?post=1852"},{"taxonomy":"product_cat","embeddable":true,"href":"https:\/\/artewen.com.ar\/novedades\/wp-json\/wp\/v2\/product_cat?post=1852"},{"taxonomy":"product_tag","embeddable":true,"href":"https:\/\/artewen.com.ar\/novedades\/wp-json\/wp\/v2\/product_tag?post=1852"}],"curies":[{"name":"wp","href":"https:\/\/api.w.org\/{rel}","templated":true}]}}