{"id":2010,"date":"2021-10-26T15:16:25","date_gmt":"2021-10-26T18:16:25","guid":{"rendered":"https:\/\/artewen.com.ar\/novedades\/?post_type=product&#038;p=2010"},"modified":"2026-02-05T11:13:06","modified_gmt":"2026-02-05T14:13:06","slug":"luca","status":"publish","type":"product","link":"https:\/\/artewen.com.ar\/novedades\/producto\/luca\/","title":{"rendered":"Luca y Alberto en Vespa"},"content":{"rendered":"<p>Siempre me gust\u00f3 la Vespa, y al verla en una pel\u00edcula animada de Disney, no lo dud\u00e9! Asi que te invito a recrear conmigo una de las escenas m\u00e1s divertidas de la pel\u00edcula &#8220;Luca&#8221;, junto a su amigo Alberto.<br \/>\nSi eres principiante&#8230;. &#8220;Silencio, Bruno&#8221; jaja.. no te preocupes que te acompa\u00f1ar\u00e9 en todo el proceso con videos paso a paso con todos los secretos.<br \/>\nAprender\u00e1s a trabajar con figuras delgadas sin complicaciones a que se deformen en el camino, veremos t\u00e9cnicas de pintura y modelado de rostros f\u00e1cil.<br \/>\nY la vespa?? Uh, claro! LA VESPA! armaremos la vespa con manubrio m\u00f3vil!! Ideal para realizarlo con alguna masa flexible para jugar con \u00e9l!<\/p>\n<p>\u00bf\u00bfvamos??<\/p>\n","protected":false},"excerpt":{"rendered":"<p>\u00bfNo ser\u00eda fant\u00e1stico tener una Vespa de verdad?\u201d, dice Luca y Alberto responde: \u201cS\u00ed, ese es el sue\u00f1o\u201d.<br \/>\nY claro que s\u00ed! y poder recorrer el mundo, no?<br \/>\nTe invito a la aventura de modelar a \u00e9stos dos hermosos personajes lleno de t\u00e9cnicas y secretos junto a la cl\u00e1sica Vespa Roja de 16cm.<\/p>\n[arve url=\"http:\/\/artewen.com.ar\/novedades\/wp-content\/uploads\/2021\/10\/Promo1.mp4\" \/]\n","protected":false},"featured_media":2008,"template":"","meta":{"_bbp_topic_count":0,"_bbp_reply_count":0,"_bbp_total_topic_count":0,"_bbp_total_reply_count":0,"_bbp_voice_count":0,"_bbp_anonymous_reply_count":0,"_bbp_topic_count_hidden":0,"_bbp_reply_count_hidden":0,"_bbp_forum_subforum_count":0,"ngg_post_thumbnail":0,"_joinchat":[]},"product_brand":[],"product_cat":[72],"product_tag":[],"class_list":{"0":"post-2010","1":"product","2":"type-product","3":"status-publish","4":"has-post-thumbnail","6":"product_cat-videoclases-2","8":"first","9":"instock","10":"virtual","11":"sold-individually","12":"purchasable","13":"product-type-course"},"_links":{"self":[{"href":"https:\/\/artewen.com.ar\/novedades\/wp-json\/wp\/v2\/product\/2010","targetHints":{"allow":["GET"]}}],"collection":[{"href":"https:\/\/artewen.com.ar\/novedades\/wp-json\/wp\/v2\/product"}],"about":[{"href":"https:\/\/artewen.com.ar\/novedades\/wp-json\/wp\/v2\/types\/product"}],"wp:featuredmedia":[{"embeddable":true,"href":"https:\/\/artewen.com.ar\/novedades\/wp-json\/wp\/v2\/media\/2008"}],"wp:attachment":[{"href":"https:\/\/artewen.com.ar\/novedades\/wp-json\/wp\/v2\/media?parent=2010"}],"wp:term":[{"taxonomy":"product_brand","embeddable":true,"href":"https:\/\/artewen.com.ar\/novedades\/wp-json\/wp\/v2\/product_brand?post=2010"},{"taxonomy":"product_cat","embeddable":true,"href":"https:\/\/artewen.com.ar\/novedades\/wp-json\/wp\/v2\/product_cat?post=2010"},{"taxonomy":"product_tag","embeddable":true,"href":"https:\/\/artewen.com.ar\/novedades\/wp-json\/wp\/v2\/product_tag?post=2010"}],"curies":[{"name":"wp","href":"https:\/\/api.w.org\/{rel}","templated":true}]}}