{"id":2090,"date":"2021-10-01T10:10:47","date_gmt":"2021-10-01T13:10:47","guid":{"rendered":"https:\/\/artewen.com.ar\/novedades\/?post_type=product&#038;p=2090"},"modified":"2026-02-05T11:12:49","modified_gmt":"2026-02-05T14:12:49","slug":"carrie-rigida-y-articulada","status":"publish","type":"product","link":"https:\/\/artewen.com.ar\/novedades\/producto\/carrie-rigida-y-articulada\/","title":{"rendered":"Carrie &#8211; r\u00edgida y articulada"},"content":{"rendered":"<p>Estaba tan hermosa para su baile de graduaci\u00f3n hasta&#8230; que es ba\u00f1ada en sangre de cerdo!<br \/>\nLa versi\u00f3n a\u00f1i\u00f1ada de \u00e9ste personaje te dar\u00e1 muchas t\u00e9cnicas para realizar cualquier otra mu\u00f1eca. Ya has pensado en cu\u00e1l?<br \/>\nEn el curso aprender\u00e1s a:<br \/>\n\u270f\ufe0f realizar tu propia plantilla para pasarlo al telgopor.<br \/>\n\u270f\ufe0f modelar rostros con todos los pasos, pintura, maquillaje y todas sus terminaciones.<br \/>\n\u270f\ufe0f colocar cortinas de pelo y realizar\u00e1s ojos semi realistas.<br \/>\nEn la versi\u00f3n articulada aprender\u00e1s a realizar prendas de tela de forma muy sencilla y con muy poca costura.<\/p>\n<p>No necesit\u00e1s conocimiento previo porque todos los pasos est\u00e1n grabados en detalle para que puedas seguirme. Y adem\u00e1s, cont\u00e1s con la secci\u00f3n de FORO DE CONSULTA exclusivo para el curso, donde puedes dejarme tus dudas o simplemente compartir tu proceso!<\/p>\n","protected":false},"excerpt":{"rendered":"<p>El segundo proyecto del &#8220;Clasiquito&#8221; del Terror es Carrie!<br \/>\nRecreamos en dos versiones: r\u00edgida y articulada de aprox. 25cm de alto.<\/p>\n","protected":false},"featured_media":2086,"template":"","meta":{"_bbp_topic_count":0,"_bbp_reply_count":0,"_bbp_total_topic_count":0,"_bbp_total_reply_count":0,"_bbp_voice_count":0,"_bbp_anonymous_reply_count":0,"_bbp_topic_count_hidden":0,"_bbp_reply_count_hidden":0,"_bbp_forum_subforum_count":0,"ngg_post_thumbnail":0,"_joinchat":[]},"product_brand":[],"product_cat":[72],"product_tag":[],"class_list":{"0":"post-2090","1":"product","2":"type-product","3":"status-publish","4":"has-post-thumbnail","6":"product_cat-videoclases-2","8":"first","9":"instock","10":"virtual","11":"sold-individually","12":"purchasable","13":"product-type-course"},"_links":{"self":[{"href":"https:\/\/artewen.com.ar\/novedades\/wp-json\/wp\/v2\/product\/2090","targetHints":{"allow":["GET"]}}],"collection":[{"href":"https:\/\/artewen.com.ar\/novedades\/wp-json\/wp\/v2\/product"}],"about":[{"href":"https:\/\/artewen.com.ar\/novedades\/wp-json\/wp\/v2\/types\/product"}],"wp:featuredmedia":[{"embeddable":true,"href":"https:\/\/artewen.com.ar\/novedades\/wp-json\/wp\/v2\/media\/2086"}],"wp:attachment":[{"href":"https:\/\/artewen.com.ar\/novedades\/wp-json\/wp\/v2\/media?parent=2090"}],"wp:term":[{"taxonomy":"product_brand","embeddable":true,"href":"https:\/\/artewen.com.ar\/novedades\/wp-json\/wp\/v2\/product_brand?post=2090"},{"taxonomy":"product_cat","embeddable":true,"href":"https:\/\/artewen.com.ar\/novedades\/wp-json\/wp\/v2\/product_cat?post=2090"},{"taxonomy":"product_tag","embeddable":true,"href":"https:\/\/artewen.com.ar\/novedades\/wp-json\/wp\/v2\/product_tag?post=2090"}],"curies":[{"name":"wp","href":"https:\/\/api.w.org\/{rel}","templated":true}]}}