{"id":2091,"date":"2021-10-01T10:13:24","date_gmt":"2021-10-01T13:13:24","guid":{"rendered":"https:\/\/artewen.com.ar\/novedades\/?post_type=product&#038;p=2091"},"modified":"2026-02-05T11:12:55","modified_gmt":"2026-02-05T14:12:55","slug":"frankie-rigido-y-articulado","status":"publish","type":"product","link":"https:\/\/artewen.com.ar\/novedades\/producto\/frankie-rigido-y-articulado\/","title":{"rendered":"Frankie &#8211; r\u00edgido y articulado"},"content":{"rendered":"<p>n personaje que no necesita presentaci\u00f3n! Uno de mis favoritos!!!<br \/>\nEs enorme, torpe, pero con alma de ni\u00f1o, cierto? ja ja!<br \/>\nAprender\u00e1s muchas t\u00e9cnicas sobre:<br \/>\n\u270f\ufe0f tallado en telgopor y modelado de la figura fija con todas sus terminaciones.<br \/>\n\u270f\ufe0f t\u00e9cnicas de pintura, sombreado y terminaciones.<br \/>\n\u270f\ufe0f realizaci\u00f3n de ojos semi realistas.<br \/>\nY tambi\u00e9n haremos una versi\u00f3n articulada para jugar con \u00e9l!<\/p>\n<p>No necesit\u00e1s conocimiento previo porque todos los pasos est\u00e1n grabados en detalle para que puedas seguirme. Y adem\u00e1s, cont\u00e1s con la secci\u00f3n de FORO DE CONSULTA exclusivo para el curso, donde puedes dejarme tus dudas o simplemente compartir tu proceso!<\/p>\n","protected":false},"excerpt":{"rendered":"<p>El \u00faltimo proyecto del &#8220;Clasiquito&#8221; del Terror es Frankie!<br \/>\nRecreamos en dos versiones: r\u00edgida y articulada de aprox. 28cm de alto.<\/p>\n","protected":false},"featured_media":2087,"template":"","meta":{"_bbp_topic_count":0,"_bbp_reply_count":0,"_bbp_total_topic_count":0,"_bbp_total_reply_count":0,"_bbp_voice_count":0,"_bbp_anonymous_reply_count":0,"_bbp_topic_count_hidden":0,"_bbp_reply_count_hidden":0,"_bbp_forum_subforum_count":0,"ngg_post_thumbnail":0,"_joinchat":[]},"product_brand":[],"product_cat":[72],"product_tag":[],"class_list":{"0":"post-2091","1":"product","2":"type-product","3":"status-publish","4":"has-post-thumbnail","6":"product_cat-videoclases-2","8":"first","9":"instock","10":"virtual","11":"sold-individually","12":"purchasable","13":"product-type-course"},"_links":{"self":[{"href":"https:\/\/artewen.com.ar\/novedades\/wp-json\/wp\/v2\/product\/2091","targetHints":{"allow":["GET"]}}],"collection":[{"href":"https:\/\/artewen.com.ar\/novedades\/wp-json\/wp\/v2\/product"}],"about":[{"href":"https:\/\/artewen.com.ar\/novedades\/wp-json\/wp\/v2\/types\/product"}],"wp:featuredmedia":[{"embeddable":true,"href":"https:\/\/artewen.com.ar\/novedades\/wp-json\/wp\/v2\/media\/2087"}],"wp:attachment":[{"href":"https:\/\/artewen.com.ar\/novedades\/wp-json\/wp\/v2\/media?parent=2091"}],"wp:term":[{"taxonomy":"product_brand","embeddable":true,"href":"https:\/\/artewen.com.ar\/novedades\/wp-json\/wp\/v2\/product_brand?post=2091"},{"taxonomy":"product_cat","embeddable":true,"href":"https:\/\/artewen.com.ar\/novedades\/wp-json\/wp\/v2\/product_cat?post=2091"},{"taxonomy":"product_tag","embeddable":true,"href":"https:\/\/artewen.com.ar\/novedades\/wp-json\/wp\/v2\/product_tag?post=2091"}],"curies":[{"name":"wp","href":"https:\/\/api.w.org\/{rel}","templated":true}]}}