{"id":2237,"date":"2021-11-16T14:54:32","date_gmt":"2021-11-16T17:54:32","guid":{"rendered":"https:\/\/artewen.com.ar\/novedades\/?post_type=product&#038;p=2237"},"modified":"2021-12-01T09:57:27","modified_gmt":"2021-12-01T12:57:27","slug":"heihei","status":"publish","type":"product","link":"https:\/\/artewen.com.ar\/novedades\/producto\/heihei\/","title":{"rendered":"HEIHEI"},"content":{"rendered":"<p>Videoclase GRATUITO!<\/p>\n<p>Acompa\u00f1ame a modelar a HeiHei, el compa\u00f1ero de aventuras de Moana!<br \/>\nPara acceder al curso, a\u00f1ade al Carrito y finaliza el proceso de compra (GRATIS).<br \/>\nPodr\u00e1s los videos en la secci\u00f3n de &#8220;MIS CURSOS&#8221; en la men\u00fa superior de la p\u00e1gina.<\/p>\n","protected":false},"excerpt":{"rendered":"<p>Acompa\u00f1ame a modelar a HeiHei, el compa\u00f1ero de aventuras de Moana!<\/p>\n","protected":false},"featured_media":2238,"template":"","meta":{"_bbp_topic_count":0,"_bbp_reply_count":0,"_bbp_total_topic_count":0,"_bbp_total_reply_count":0,"_bbp_voice_count":0,"_bbp_anonymous_reply_count":0,"_bbp_topic_count_hidden":0,"_bbp_reply_count_hidden":0,"_bbp_forum_subforum_count":0,"ngg_post_thumbnail":0,"_joinchat":[]},"product_brand":[],"product_cat":[72],"product_tag":[],"class_list":{"0":"post-2237","1":"product","2":"type-product","3":"status-publish","4":"has-post-thumbnail","6":"product_cat-videoclases-2","8":"first","9":"instock","10":"virtual","11":"sold-individually","12":"purchasable","13":"product-type-course"},"_links":{"self":[{"href":"https:\/\/artewen.com.ar\/novedades\/wp-json\/wp\/v2\/product\/2237","targetHints":{"allow":["GET"]}}],"collection":[{"href":"https:\/\/artewen.com.ar\/novedades\/wp-json\/wp\/v2\/product"}],"about":[{"href":"https:\/\/artewen.com.ar\/novedades\/wp-json\/wp\/v2\/types\/product"}],"wp:featuredmedia":[{"embeddable":true,"href":"https:\/\/artewen.com.ar\/novedades\/wp-json\/wp\/v2\/media\/2238"}],"wp:attachment":[{"href":"https:\/\/artewen.com.ar\/novedades\/wp-json\/wp\/v2\/media?parent=2237"}],"wp:term":[{"taxonomy":"product_brand","embeddable":true,"href":"https:\/\/artewen.com.ar\/novedades\/wp-json\/wp\/v2\/product_brand?post=2237"},{"taxonomy":"product_cat","embeddable":true,"href":"https:\/\/artewen.com.ar\/novedades\/wp-json\/wp\/v2\/product_cat?post=2237"},{"taxonomy":"product_tag","embeddable":true,"href":"https:\/\/artewen.com.ar\/novedades\/wp-json\/wp\/v2\/product_tag?post=2237"}],"curies":[{"name":"wp","href":"https:\/\/api.w.org\/{rel}","templated":true}]}}