{"id":3031,"date":"2022-02-01T00:05:32","date_gmt":"2022-02-01T03:05:32","guid":{"rendered":"https:\/\/artewen.com.ar\/novedades\/?post_type=product&#038;p=3031"},"modified":"2026-02-05T11:13:28","modified_gmt":"2026-02-05T14:13:28","slug":"sirenita-chibi","status":"publish","type":"product","link":"https:\/\/artewen.com.ar\/novedades\/producto\/sirenita-chibi\/","title":{"rendered":"Sirenita Chibi"},"content":{"rendered":"<p>La v\u00ed y fu\u00e9 amor a primera vista con ella&#8230; y me dije, tengo que modelarla y compartirla con uds!!<br \/>\n18cm. de pura t\u00e9cnica te esperan:<\/p>\n<p>&#8211; Modelaremos su carita sin tallar y con muy pocas herramientas!<br \/>\n&#8211; Pintaremos esos hermosos ojos paso a paso con acr\u00edlico!<br \/>\n&#8211; Veremos c\u00f3mo resolver grandes vol\u00famenes de pelo, con referencias en 2d.<br \/>\n&#8211; Y por supuesto, la parte m\u00e1s divertida&#8230; jugaremos a recrear el fondo el mar!<\/p>\n<p>Si no te gusta tallar pero quer\u00e9s aprender a modelar en detalles de forma simplificada, \u00e9sta es tu oportunidad! Te esperamos!<\/p>\n","protected":false},"excerpt":{"rendered":"<p>Verano, sol, mar&#8230;y c\u00f3mo resistirte a esos ojazos??<br \/>\nAcompa\u00f1ame a este viaje por el fondo del mar, con la sirenita en suspensi\u00f3n modelada completamente a mano, llena de t\u00e9cnicas simples que puedes usarlos en muchos otros trabajos!<br \/>\nSumate que te muestro todos los secretos!<br \/>\n(Sirenita de 18cm alto sin base)<\/p>\n","protected":false},"featured_media":3017,"template":"","meta":{"_bbp_topic_count":0,"_bbp_reply_count":0,"_bbp_total_topic_count":0,"_bbp_total_reply_count":0,"_bbp_voice_count":0,"_bbp_anonymous_reply_count":0,"_bbp_topic_count_hidden":0,"_bbp_reply_count_hidden":0,"_bbp_forum_subforum_count":0,"ngg_post_thumbnail":0,"_joinchat":[]},"product_brand":[],"product_cat":[72],"product_tag":[],"class_list":{"0":"post-3031","1":"product","2":"type-product","3":"status-publish","4":"has-post-thumbnail","6":"product_cat-videoclases-2","8":"first","9":"instock","10":"virtual","11":"sold-individually","12":"purchasable","13":"product-type-course"},"_links":{"self":[{"href":"https:\/\/artewen.com.ar\/novedades\/wp-json\/wp\/v2\/product\/3031","targetHints":{"allow":["GET"]}}],"collection":[{"href":"https:\/\/artewen.com.ar\/novedades\/wp-json\/wp\/v2\/product"}],"about":[{"href":"https:\/\/artewen.com.ar\/novedades\/wp-json\/wp\/v2\/types\/product"}],"wp:featuredmedia":[{"embeddable":true,"href":"https:\/\/artewen.com.ar\/novedades\/wp-json\/wp\/v2\/media\/3017"}],"wp:attachment":[{"href":"https:\/\/artewen.com.ar\/novedades\/wp-json\/wp\/v2\/media?parent=3031"}],"wp:term":[{"taxonomy":"product_brand","embeddable":true,"href":"https:\/\/artewen.com.ar\/novedades\/wp-json\/wp\/v2\/product_brand?post=3031"},{"taxonomy":"product_cat","embeddable":true,"href":"https:\/\/artewen.com.ar\/novedades\/wp-json\/wp\/v2\/product_cat?post=3031"},{"taxonomy":"product_tag","embeddable":true,"href":"https:\/\/artewen.com.ar\/novedades\/wp-json\/wp\/v2\/product_tag?post=3031"}],"curies":[{"name":"wp","href":"https:\/\/api.w.org\/{rel}","templated":true}]}}