{"id":3156,"date":"2022-04-01T00:05:58","date_gmt":"2022-04-01T03:05:58","guid":{"rendered":"https:\/\/artewen.com.ar\/novedades\/?post_type=product&#038;p=3156"},"modified":"2026-02-05T11:13:37","modified_gmt":"2026-02-05T14:13:37","slug":"safari","status":"publish","type":"product","link":"https:\/\/artewen.com.ar\/novedades\/producto\/safari\/","title":{"rendered":"Safari"},"content":{"rendered":"<p>Un modelado Naif diferente!<br \/>\nLa idea de poder darle una terminaci\u00f3n con efecto acuarela a figuras en 3d es lo que me inspir\u00f3 a realizar \u00e9ste trabajo.<br \/>\nAsi que si no te animaste a pintar, \u00e9sta es una excusa perfecta!<br \/>\nEspero que te sumes a \u00e9ste SAFARI de modelado con \u00e9stos 7 animalitos de la Selva junto a su Jeep, lleno de t\u00e9cnicas de modelado, tallado b\u00e1sico, pintura con efecto acuarela y muchos tips!<\/p>\n","protected":false},"excerpt":{"rendered":"<p>Un Jeep de 15cm y 7 animalitos de la selva en un viaje SAFARI es la excusa perfecta para comenzar a modelar en porcelana fr\u00eda!<br \/>\nUn proyecto super completo, ideal para aprender y emprender con t\u00e9cnicas sencillas y tips para modelar y pintar!<\/p>\n","protected":false},"featured_media":3154,"template":"","meta":{"_bbp_topic_count":0,"_bbp_reply_count":0,"_bbp_total_topic_count":0,"_bbp_total_reply_count":0,"_bbp_voice_count":0,"_bbp_anonymous_reply_count":0,"_bbp_topic_count_hidden":0,"_bbp_reply_count_hidden":0,"_bbp_forum_subforum_count":0,"ngg_post_thumbnail":0,"_joinchat":[]},"product_brand":[],"product_cat":[72],"product_tag":[],"class_list":{"0":"post-3156","1":"product","2":"type-product","3":"status-publish","4":"has-post-thumbnail","6":"product_cat-videoclases-2","8":"first","9":"instock","10":"virtual","11":"sold-individually","12":"purchasable","13":"product-type-course"},"_links":{"self":[{"href":"https:\/\/artewen.com.ar\/novedades\/wp-json\/wp\/v2\/product\/3156","targetHints":{"allow":["GET"]}}],"collection":[{"href":"https:\/\/artewen.com.ar\/novedades\/wp-json\/wp\/v2\/product"}],"about":[{"href":"https:\/\/artewen.com.ar\/novedades\/wp-json\/wp\/v2\/types\/product"}],"wp:featuredmedia":[{"embeddable":true,"href":"https:\/\/artewen.com.ar\/novedades\/wp-json\/wp\/v2\/media\/3154"}],"wp:attachment":[{"href":"https:\/\/artewen.com.ar\/novedades\/wp-json\/wp\/v2\/media?parent=3156"}],"wp:term":[{"taxonomy":"product_brand","embeddable":true,"href":"https:\/\/artewen.com.ar\/novedades\/wp-json\/wp\/v2\/product_brand?post=3156"},{"taxonomy":"product_cat","embeddable":true,"href":"https:\/\/artewen.com.ar\/novedades\/wp-json\/wp\/v2\/product_cat?post=3156"},{"taxonomy":"product_tag","embeddable":true,"href":"https:\/\/artewen.com.ar\/novedades\/wp-json\/wp\/v2\/product_tag?post=3156"}],"curies":[{"name":"wp","href":"https:\/\/api.w.org\/{rel}","templated":true}]}}