{"id":3286,"date":"2022-05-10T13:15:31","date_gmt":"2022-05-10T16:15:31","guid":{"rendered":"https:\/\/artewen.com.ar\/novedades\/?post_type=product&#038;p=3286"},"modified":"2026-02-05T11:13:48","modified_gmt":"2026-02-05T14:13:48","slug":"red","status":"publish","type":"product","link":"https:\/\/artewen.com.ar\/novedades\/producto\/red\/","title":{"rendered":"Red"},"content":{"rendered":"<p>Estoy muy entusiasmada por compartir \u00e9ste nuevo proyecto contigo!<br \/>\nUn trabajo lleno de t\u00e9cnicas de modelado de expresiones que iremos aprendiendo paso a paso!<br \/>\nEl curso completo comprende cerca de 5 horas de videos en 33 cap\u00edtulos.<br \/>\nVeremos t\u00e9cnicas de estudio previo de rostros que estoy segura te servir\u00e1n para muchos otros trabajos que realices.<br \/>\nY como en el caso del proyecto de LUCA y ALBERTO, \u00e9ste preyecto tambi\u00e9n tiene un toque &#8220;extra&#8221;. Red tendr\u00e1 3 cabezas con diferentes expresiones intercambiables para jugar con ella!<\/p>\n<p>Un curso sin desperdicios, te lo aseguro! Vamos?<\/p>\n","protected":false},"excerpt":{"rendered":"<p>Y si modelamos un juguete? Sii!<br \/>\nTe invito a recrear a Red, con 3 expresiones diferentes para aprender a modelar!<br \/>\nPaso a paso iremos juntas armando \u00e9ste hermoso proyectos con todos los detalles de textura, pintura, luces y sombras!<br \/>\nEl curso completo comprende cerca de 5 horas de videos en 33 cap\u00edtulos.<br \/>\nProyecto de 16cm aproximadamente.<\/p>\n","protected":false},"featured_media":3279,"template":"","meta":{"_bbp_topic_count":0,"_bbp_reply_count":0,"_bbp_total_topic_count":0,"_bbp_total_reply_count":0,"_bbp_voice_count":0,"_bbp_anonymous_reply_count":0,"_bbp_topic_count_hidden":0,"_bbp_reply_count_hidden":0,"_bbp_forum_subforum_count":0,"ngg_post_thumbnail":0,"_joinchat":[]},"product_brand":[],"product_cat":[72],"product_tag":[],"class_list":{"0":"post-3286","1":"product","2":"type-product","3":"status-publish","4":"has-post-thumbnail","6":"product_cat-videoclases-2","8":"first","9":"instock","10":"virtual","11":"sold-individually","12":"purchasable","13":"product-type-course"},"_links":{"self":[{"href":"https:\/\/artewen.com.ar\/novedades\/wp-json\/wp\/v2\/product\/3286","targetHints":{"allow":["GET"]}}],"collection":[{"href":"https:\/\/artewen.com.ar\/novedades\/wp-json\/wp\/v2\/product"}],"about":[{"href":"https:\/\/artewen.com.ar\/novedades\/wp-json\/wp\/v2\/types\/product"}],"wp:featuredmedia":[{"embeddable":true,"href":"https:\/\/artewen.com.ar\/novedades\/wp-json\/wp\/v2\/media\/3279"}],"wp:attachment":[{"href":"https:\/\/artewen.com.ar\/novedades\/wp-json\/wp\/v2\/media?parent=3286"}],"wp:term":[{"taxonomy":"product_brand","embeddable":true,"href":"https:\/\/artewen.com.ar\/novedades\/wp-json\/wp\/v2\/product_brand?post=3286"},{"taxonomy":"product_cat","embeddable":true,"href":"https:\/\/artewen.com.ar\/novedades\/wp-json\/wp\/v2\/product_cat?post=3286"},{"taxonomy":"product_tag","embeddable":true,"href":"https:\/\/artewen.com.ar\/novedades\/wp-json\/wp\/v2\/product_tag?post=3286"}],"curies":[{"name":"wp","href":"https:\/\/api.w.org\/{rel}","templated":true}]}}