{"id":3533,"date":"2022-10-10T17:24:31","date_gmt":"2022-10-10T20:24:31","guid":{"rendered":"https:\/\/artewen.com.ar\/novedades\/?post_type=product&#038;p=3533"},"modified":"2026-02-05T11:14:31","modified_gmt":"2026-02-05T14:14:31","slug":"al-picnic-con-winnie-pooh-y-sus-amigos","status":"publish","type":"product","link":"https:\/\/artewen.com.ar\/novedades\/producto\/al-picnic-con-winnie-pooh-y-sus-amigos\/","title":{"rendered":"Al picnic con Winnie Pooh y sus amigos"},"content":{"rendered":"<p>Te cuento un secreto?<br \/>\nEstos personajes tienen un efecto particular en mi, porque son los que eleg\u00ed para pintar la camita de mi beb\u00e9 cuando naci\u00f3! Ya pasaron unos cuantos a\u00f1os pero siempre me causaron mucha ternura.<\/p>\n<p>Asi que cuando decidimos por \u00e9ste proyecto para la videoclase, quise que fuera especial, y creo que lo logr\u00e9! Al recrear la escena del pic nic junto el mismo arbol del bosque donde vive Winnie, el mismo mantel y con toda sus comidas favoritas, me sent\u00ed parte de la fiesta. No pude evitar sonreir cuando termin\u00e9 con todos los personajes y los ubiqu\u00e9 en la maqueta terminada hasta con las hormiguitas traviesas que queria robarse la miel!!<\/p>\n<p>Te invito, entonces, a viajar aprendiendo a modelar a estos cl\u00e1sicos personajes llenos de t\u00e9cnicas que te aseguro que serviran para futuros proyectos.<br \/>\nTe nombro algunas de las t\u00e9cnicas inclu\u00eddas en el curso:<br \/>\n&#8211; Alambrado de piezas con estructura.<br \/>\n&#8211; Tallado y estructura de piezas combinadas.<br \/>\n&#8211; Pintura: sombras y luces.<br \/>\n&#8211; Modelado de miniaturas.<\/p>\n<p>No te asutes!! Todos los videos est\u00e1n explicados paso a paso desde el principio!! Asi que totalmente apto para cualquier nivel!!<\/p>\n<p>Te acompa\u00f1o??<\/p>\n","protected":false},"excerpt":{"rendered":"<p>Llega la primavera y te traemos este super proyecto lleno de t\u00e9cnicas para que aprendas divirti\u00e9ndote!<\/p>\n<p>En este curso recrearemos a Winnie the Pooh con sus mejores amigos Tigger, Igor y Piglet en el bosque de picnic.<br \/>\nY no solo aprender\u00e1s a modelar a los personajes, sino tambi\u00e9n toda la maqueta completa y sus accesorios!<br \/>\nQue esperas para sumarte?<\/p>\n[arve url=\"http:\/\/artewen.com.ar\/novedades\/wp-content\/uploads\/2022\/10\/wp-Promo-1.mp4\" \/]\n","protected":false},"featured_media":3550,"template":"","meta":{"_bbp_topic_count":0,"_bbp_reply_count":0,"_bbp_total_topic_count":0,"_bbp_total_reply_count":0,"_bbp_voice_count":0,"_bbp_anonymous_reply_count":0,"_bbp_topic_count_hidden":0,"_bbp_reply_count_hidden":0,"_bbp_forum_subforum_count":0,"ngg_post_thumbnail":0,"_joinchat":[]},"product_brand":[],"product_cat":[72],"product_tag":[],"class_list":{"0":"post-3533","1":"product","2":"type-product","3":"status-publish","4":"has-post-thumbnail","6":"product_cat-videoclases-2","8":"first","9":"instock","10":"virtual","11":"sold-individually","12":"purchasable","13":"product-type-course"},"_links":{"self":[{"href":"https:\/\/artewen.com.ar\/novedades\/wp-json\/wp\/v2\/product\/3533","targetHints":{"allow":["GET"]}}],"collection":[{"href":"https:\/\/artewen.com.ar\/novedades\/wp-json\/wp\/v2\/product"}],"about":[{"href":"https:\/\/artewen.com.ar\/novedades\/wp-json\/wp\/v2\/types\/product"}],"wp:featuredmedia":[{"embeddable":true,"href":"https:\/\/artewen.com.ar\/novedades\/wp-json\/wp\/v2\/media\/3550"}],"wp:attachment":[{"href":"https:\/\/artewen.com.ar\/novedades\/wp-json\/wp\/v2\/media?parent=3533"}],"wp:term":[{"taxonomy":"product_brand","embeddable":true,"href":"https:\/\/artewen.com.ar\/novedades\/wp-json\/wp\/v2\/product_brand?post=3533"},{"taxonomy":"product_cat","embeddable":true,"href":"https:\/\/artewen.com.ar\/novedades\/wp-json\/wp\/v2\/product_cat?post=3533"},{"taxonomy":"product_tag","embeddable":true,"href":"https:\/\/artewen.com.ar\/novedades\/wp-json\/wp\/v2\/product_tag?post=3533"}],"curies":[{"name":"wp","href":"https:\/\/api.w.org\/{rel}","templated":true}]}}